{"id":113828,"date":"2024-08-09T14:51:23","date_gmt":"2024-08-09T14:51:23","guid":{"rendered":"https:\/\/edenred.pt\/food-program\/"},"modified":"2025-02-03T10:54:32","modified_gmt":"2025-02-03T10:54:32","slug":"food-program","status":"publish","type":"page","link":"https:\/\/www.edenred.pt\/en\/about-us\/sustainability\/food-program\/","title":{"rendered":"Food Program"},"content":{"rendered":"\n<p class=\"lead\">A question of balance.<\/p>\n\n\n\n<p>The FOOD Program (Fighting Obesity through Offer and Demand) aims to improve the nutritional quality of food offered in restaurants and facilitate consumer choice through better information and greater awareness.  <\/p>\n\n\n\n<p>The Program was launched by the Edenred Group with the support of the European Union in 2009. In 2011, Edenred Portugal joined the Program, establishing a partnership with Dire\u00e7\u00e3o-Geral de Sa\u00fade.  <\/p>\n\n\n\n<p><strong>It has two main objectives:<\/strong><\/p>\n\n\n\n<div class=\"wp-block-group columns-boxed-image-text is-layout-flow wp-block-group-is-layout-flow\">\n<div class=\"wp-block-columns columns-boxed-image-wrap is-layout-flex wp-container-core-columns-is-layout-28f84493 wp-block-columns-is-layout-flex\">\n<div class=\"wp-block-column columns-boxed-image-wrap is-layout-flow wp-block-column-is-layout-flow\">\n<figure class=\"wp-block-image size-full\"><img loading=\"lazy\" decoding=\"async\" width=\"820\" height=\"694\" src=\"https:\/\/www.edenred.pt\/wp-content\/uploads\/2022\/06\/AdobeStock_153524377@2x.jpg\" alt=\"\" class=\"wp-image-108455\" srcset=\"https:\/\/www.edenred.pt\/wp-content\/uploads\/2022\/06\/AdobeStock_153524377@2x.jpg 820w, https:\/\/www.edenred.pt\/wp-content\/uploads\/2022\/06\/AdobeStock_153524377@2x-768x650.jpg 768w, https:\/\/www.edenred.pt\/wp-content\/uploads\/2022\/06\/AdobeStock_153524377@2x-760x643.jpg 760w\" sizes=\"auto, (max-width: 820px) 100vw, 820px\" \/><\/figure>\n<\/div>\n\n\n\n<div class=\"wp-block-column columns-boxed-text-wrap has-background is-layout-flow wp-block-column-is-layout-flow\" style=\"background-color:#f1f7ff\">\n<hr class=\"wp-block-separator has-text-color has-primary-color has-alpha-channel-opacity has-primary-background-color has-background is-style-default separator-rounded\"\/>\n\n\n\n<p>Helping workers to make the best nutritional choices during their day-to-day work;<\/p>\n\n\n\n<hr class=\"wp-block-separator has-text-color has-primary-color has-alpha-channel-opacity has-primary-background-color has-background is-style-default separator-rounded\"\/>\n\n\n\n<p>Improving the nutritional quality of meals by promoting good practices in restaurants.<\/p>\n<\/div>\n<\/div>\n<\/div>\n\n\n\n<p><a href=\"https:\/\/www.food-programme.eu\/\" target=\"_blank\" rel=\"noreferrer noopener\">Visit the official website<\/a> and see how FOOD Program has contributed to the promotion of these objectives since its creation until today.<\/p>\n\n\n\n<h2 class=\"wp-block-heading\">The reality in Portugal<\/h2>\n\n\n\n<p><strong>Every year, the FOOD Barometer analyzes the main trends on demand and supply of healthy meals. Discover the reality of Portuguese consumers. <\/strong><\/p>\n\n\n\n<div class=\"wp-block-columns kpis-row is-layout-flex wp-container-core-columns-is-layout-28f84493 wp-block-columns-is-layout-flex\">\n<div class=\"wp-block-column is-layout-flow wp-block-column-is-layout-flow\">\n<h4 class=\"wp-block-heading mb-1 mt-1\">90%<\/h4>\n\n\n\n<hr class=\"wp-block-separator has-text-color has-primary-color has-alpha-channel-opacity has-primary-background-color has-background is-style-default separator-rounded mb-0 mt-1\"\/>\n\n\n\n<p style=\"font-size:16px\">Of the Portuguese admit they pay more and more attention to <strong>healthy eating<\/strong>.<\/p>\n<\/div>\n\n\n\n<div class=\"wp-block-column is-layout-flow wp-block-column-is-layout-flow\">\n<h4 class=\"wp-block-heading mb-1 mt-1\">84%<\/h4>\n\n\n\n<hr class=\"wp-block-separator has-text-color has-primary-color has-alpha-channel-opacity has-primary-background-color has-background is-style-default separator-rounded mb-0 mt-1\"\/>\n\n\n\n<p style=\"font-size:16px\">Reveal they take into account the <strong>nutritional content of the choices they make<\/strong>.<\/p>\n<\/div>\n\n\n\n<div class=\"wp-block-column is-layout-flow wp-block-column-is-layout-flow\">\n<h4 class=\"wp-block-heading mb-1 mt-1\">86%<\/h4>\n\n\n\n<hr class=\"wp-block-separator has-text-color has-primary-color has-alpha-channel-opacity has-primary-background-color has-background is-style-default separator-rounded mb-0 mt-1\"\/>\n\n\n\n<p style=\"font-size:16px\">Expect today a <strong>healthier offer<\/strong> from restaurants.<\/p>\n<\/div>\n<\/div>\n\n\n\n<p><a href=\"https:\/\/edenred.pt\/sobre-nos\/barometro-food-2023\/\"><\/a><a href=\"https:\/\/edenred.pt\/en\/about-us\/food-barometer-2024\/\">Know the figures.<\/a><\/p>\n\n\n\n<h2 class=\"wp-block-heading\">5 Tips for a healthier diet<\/h2>\n\n\n\n<div class=\"wp-block-columns gray-columns tablet-single is-layout-flex wp-container-core-columns-is-layout-28f84493 wp-block-columns-is-layout-flex\">\n<div class=\"wp-block-column is-layout-flow wp-block-column-is-layout-flow\">\n<p><strong>Eat every 3 hours<\/strong> to control your food intake and increase your energy throughout the day.<\/p>\n<\/div>\n\n\n\n<div class=\"wp-block-column is-layout-flow wp-block-column-is-layout-flow\">\n<p><strong>Eat breakfast<\/strong> in the first hour of your day, making sure to include fruit, milk or dairy products and cereals.<\/p>\n<\/div>\n\n\n\n<div class=\"wp-block-column is-layout-flow wp-block-column-is-layout-flow\">\n<p><strong>Drink water<\/strong> throughout the day and also at mealtimes.<\/p>\n<\/div>\n<\/div>\n\n\n\n<div class=\"wp-block-columns gray-columns tablet-single is-layout-flex wp-container-core-columns-is-layout-28f84493 wp-block-columns-is-layout-flex\">\n<div class=\"wp-block-column is-layout-flow wp-block-column-is-layout-flow\">\n<p>Give preference to <strong>eating local and seasonal products<\/strong>, which are fresher, tastier and more nutritious.<\/p>\n<\/div>\n\n\n\n<div class=\"wp-block-column is-layout-flow wp-block-column-is-layout-flow\">\n<p>Always start your meals with a <strong>vegetable or legume soup<\/strong>.<\/p>\n<\/div>\n\n\n\n<div class=\"wp-block-column invisible is-layout-flow wp-block-column-is-layout-flow\">\n<p><\/p>\n<\/div>\n<\/div>\n\n\n\n<div class=\"wp-block-group section-banner has-background is-layout-flow wp-block-group-is-layout-flow\" style=\"background-color:#f1f7ff\">\n<div class=\"wp-block-columns section-banner-row is-layout-flex wp-container-core-columns-is-layout-28f84493 wp-block-columns-is-layout-flex\">\n<div class=\"wp-block-column section-banner-text is-layout-flow wp-block-column-is-layout-flow\" style=\"flex-basis:33.33%\">\n<hr class=\"wp-block-separator has-text-color has-primary-color has-alpha-channel-opacity has-primary-background-color has-background is-style-default separator-rounded\"\/>\n\n\n\n<h2 class=\"wp-block-heading has-medium-font-size\" style=\"font-style:normal;font-weight:500\"><a href=\"https:\/\/healthyrecipes-food.eu\/\" target=\"_blank\" rel=\"noreferrer noopener\"><\/a><a href=\"https:\/\/healthyrecipes-food.eu\/\">Healthy and balanced recipes<\/a><\/h2>\n\n\n\n<p><\/p>\n<\/div>\n\n\n\n<div class=\"wp-block-column section-banner-image is-layout-flow wp-block-column-is-layout-flow\" style=\"flex-basis:66.66%\">\n<figure class=\"wp-block-image size-full\"><a href=\"https:\/\/healthyrecipes-food.eu\/\" target=\"_blank\" rel=\"noreferrer noopener\"><img loading=\"lazy\" decoding=\"async\" width=\"1076\" height=\"382\" src=\"https:\/\/www.edenred.pt\/wp-content\/uploads\/2022\/06\/AdobeStock_107206789@2x.jpg\" alt=\"\" class=\"wp-image-108469\" srcset=\"https:\/\/www.edenred.pt\/wp-content\/uploads\/2022\/06\/AdobeStock_107206789@2x.jpg 1076w, https:\/\/www.edenred.pt\/wp-content\/uploads\/2022\/06\/AdobeStock_107206789@2x-1024x364.jpg 1024w, https:\/\/www.edenred.pt\/wp-content\/uploads\/2022\/06\/AdobeStock_107206789@2x-768x273.jpg 768w, https:\/\/www.edenred.pt\/wp-content\/uploads\/2022\/06\/AdobeStock_107206789@2x-760x270.jpg 760w\" sizes=\"auto, (max-width: 1076px) 100vw, 1076px\" \/><\/a><\/figure>\n<\/div>\n<\/div>\n<\/div>\n\n\n\n<div class=\"wp-block-columns is-layout-flex wp-container-core-columns-is-layout-28f84493 wp-block-columns-is-layout-flex\">\n<div class=\"wp-block-column is-layout-flow wp-block-column-is-layout-flow\"><\/div>\n\n\n\n<div class=\"wp-block-column is-layout-flow wp-block-column-is-layout-flow\"><\/div>\n<\/div>\n","protected":false},"excerpt":{"rendered":"A question of balance. The FOOD Program (Fighting Obesity through Offer and Demand) aims to improve the nutritional quality of food offered in restaurants and facilitate consumer choice through better information and greater awareness. The Program was launched by the Edenred Group with the support of the European Union in 2009. In 2011, Edenred Portugal&#8230;","protected":false},"author":4,"featured_media":107806,"parent":113820,"menu_order":0,"comment_status":"closed","ping_status":"closed","template":"templates\/sobre-nos.php","meta":{"_acf_changed":false,"content-type":"","inline_featured_image":false,"footnotes":""},"class_list":["post-113828","page","type-page","status-publish","has-post-thumbnail","hentry"],"acf":[],"yoast_head":"<!-- This site is optimized with the Yoast SEO plugin v27.5 - https:\/\/yoast.com\/product\/yoast-seo-wordpress\/ -->\n<title>FOOD Program - Edenred Portugal<\/title>\n<meta name=\"description\" content=\"Get to know the FOOD Program, launched by Edenred with the support of the European Union and the DGS with the aim of fighting obesity.\" \/>\n<meta name=\"robots\" content=\"index, follow, max-snippet:-1, max-image-preview:large, max-video-preview:-1\" \/>\n<link rel=\"canonical\" href=\"https:\/\/www.edenred.pt\/en\/about-us\/sustainability\/food-program\/\" \/>\n<meta property=\"og:locale\" content=\"en_US\" \/>\n<meta property=\"og:type\" content=\"article\" \/>\n<meta property=\"og:title\" content=\"FOOD Program - Edenred Portugal\" \/>\n<meta property=\"og:description\" content=\"Get to know the FOOD Program, launched by Edenred with the support of the European Union and the DGS with the aim of fighting obesity.\" \/>\n<meta property=\"og:url\" content=\"https:\/\/www.edenred.pt\/en\/about-us\/sustainability\/food-program\/\" \/>\n<meta property=\"og:site_name\" content=\"Edenred Portugal\" \/>\n<meta property=\"article:publisher\" content=\"https:\/\/www.facebook.com\/edenred.portugal\" \/>\n<meta property=\"article:modified_time\" content=\"2025-02-03T10:54:32+00:00\" \/>\n<meta property=\"og:image\" content=\"https:\/\/edenred.pt\/wp-content\/uploads\/2022\/05\/Programa-FOOD-scaled.jpg\" \/>\n\t<meta property=\"og:image:width\" content=\"2560\" \/>\n\t<meta property=\"og:image:height\" content=\"937\" \/>\n\t<meta property=\"og:image:type\" content=\"image\/jpeg\" \/>\n<meta name=\"twitter:card\" content=\"summary_large_image\" \/>\n<meta name=\"twitter:label1\" content=\"Est. reading time\" \/>\n\t<meta name=\"twitter:data1\" content=\"2 minutes\" \/>\n<script type=\"application\/ld+json\" class=\"yoast-schema-graph\">{\"@context\":\"https:\\\/\\\/schema.org\",\"@graph\":[{\"@type\":\"WebPage\",\"@id\":\"https:\\\/\\\/www.edenred.pt\\\/en\\\/about-us\\\/sustainability\\\/food-program\\\/\",\"url\":\"https:\\\/\\\/www.edenred.pt\\\/en\\\/about-us\\\/sustainability\\\/food-program\\\/\",\"name\":\"FOOD Program - Edenred Portugal\",\"isPartOf\":{\"@id\":\"https:\\\/\\\/edenred.pt\\\/#website\"},\"primaryImageOfPage\":{\"@id\":\"https:\\\/\\\/www.edenred.pt\\\/en\\\/about-us\\\/sustainability\\\/food-program\\\/#primaryimage\"},\"image\":{\"@id\":\"https:\\\/\\\/www.edenred.pt\\\/en\\\/about-us\\\/sustainability\\\/food-program\\\/#primaryimage\"},\"thumbnailUrl\":\"https:\\\/\\\/www.edenred.pt\\\/wp-content\\\/uploads\\\/2022\\\/05\\\/Programa-FOOD-scaled.jpg\",\"datePublished\":\"2024-08-09T14:51:23+00:00\",\"dateModified\":\"2025-02-03T10:54:32+00:00\",\"description\":\"Get to know the FOOD Program, launched by Edenred with the support of the European Union and the DGS with the aim of fighting obesity.\",\"breadcrumb\":{\"@id\":\"https:\\\/\\\/www.edenred.pt\\\/en\\\/about-us\\\/sustainability\\\/food-program\\\/#breadcrumb\"},\"inLanguage\":\"en-US\",\"potentialAction\":[{\"@type\":\"ReadAction\",\"target\":[\"https:\\\/\\\/www.edenred.pt\\\/en\\\/about-us\\\/sustainability\\\/food-program\\\/\"]}]},{\"@type\":\"ImageObject\",\"inLanguage\":\"en-US\",\"@id\":\"https:\\\/\\\/www.edenred.pt\\\/en\\\/about-us\\\/sustainability\\\/food-program\\\/#primaryimage\",\"url\":\"https:\\\/\\\/www.edenred.pt\\\/wp-content\\\/uploads\\\/2022\\\/05\\\/Programa-FOOD-scaled.jpg\",\"contentUrl\":\"https:\\\/\\\/www.edenred.pt\\\/wp-content\\\/uploads\\\/2022\\\/05\\\/Programa-FOOD-scaled.jpg\",\"width\":2560,\"height\":937,\"caption\":\"Programa FOOD Edenred\"},{\"@type\":\"BreadcrumbList\",\"@id\":\"https:\\\/\\\/www.edenred.pt\\\/en\\\/about-us\\\/sustainability\\\/food-program\\\/#breadcrumb\",\"itemListElement\":[{\"@type\":\"ListItem\",\"position\":1,\"name\":\"Start\",\"item\":\"https:\\\/\\\/www.edenred.pt\\\/en\\\/\"},{\"@type\":\"ListItem\",\"position\":2,\"name\":\"About us\",\"item\":\"https:\\\/\\\/www.edenred.pt\\\/en\\\/about-us\\\/\"},{\"@type\":\"ListItem\",\"position\":3,\"name\":\"Sustainability\",\"item\":\"https:\\\/\\\/www.edenred.pt\\\/en\\\/about-us\\\/sustainability\\\/\"},{\"@type\":\"ListItem\",\"position\":4,\"name\":\"Food Program\"}]},{\"@type\":\"WebSite\",\"@id\":\"https:\\\/\\\/edenred.pt\\\/#website\",\"url\":\"https:\\\/\\\/edenred.pt\\\/\",\"name\":\"Edenred Portugal\",\"description\":\"Edenred Portugal\",\"publisher\":{\"@id\":\"https:\\\/\\\/edenred.pt\\\/#organization\"},\"potentialAction\":[{\"@type\":\"SearchAction\",\"target\":{\"@type\":\"EntryPoint\",\"urlTemplate\":\"https:\\\/\\\/edenred.pt\\\/?s={search_term_string}\"},\"query-input\":{\"@type\":\"PropertyValueSpecification\",\"valueRequired\":true,\"valueName\":\"search_term_string\"}}],\"inLanguage\":\"en-US\"},{\"@type\":\"Organization\",\"@id\":\"https:\\\/\\\/edenred.pt\\\/#organization\",\"name\":\"Edenred\",\"url\":\"https:\\\/\\\/edenred.pt\\\/\",\"logo\":{\"@type\":\"ImageObject\",\"inLanguage\":\"en-US\",\"@id\":\"https:\\\/\\\/edenred.pt\\\/#\\\/schema\\\/logo\\\/image\\\/\",\"url\":\"https:\\\/\\\/www.edenred.pt\\\/wp-content\\\/uploads\\\/2022\\\/04\\\/logo-edenred.png\",\"contentUrl\":\"https:\\\/\\\/www.edenred.pt\\\/wp-content\\\/uploads\\\/2022\\\/04\\\/logo-edenred.png\",\"width\":176,\"height\":109,\"caption\":\"Edenred\"},\"image\":{\"@id\":\"https:\\\/\\\/edenred.pt\\\/#\\\/schema\\\/logo\\\/image\\\/\"},\"sameAs\":[\"https:\\\/\\\/www.facebook.com\\\/edenred.portugal\",\"https:\\\/\\\/www.instagram.com\\\/edenred.portugal\\\/\",\"https:\\\/\\\/www.linkedin.com\\\/company\\\/edenred-portugal\\\/\"]}]}<\/script>\n<!-- \/ Yoast SEO plugin. -->","yoast_head_json":{"title":"FOOD Program - Edenred Portugal","description":"Get to know the FOOD Program, launched by Edenred with the support of the European Union and the DGS with the aim of fighting obesity.","robots":{"index":"index","follow":"follow","max-snippet":"max-snippet:-1","max-image-preview":"max-image-preview:large","max-video-preview":"max-video-preview:-1"},"canonical":"https:\/\/www.edenred.pt\/en\/about-us\/sustainability\/food-program\/","og_locale":"en_US","og_type":"article","og_title":"FOOD Program - Edenred Portugal","og_description":"Get to know the FOOD Program, launched by Edenred with the support of the European Union and the DGS with the aim of fighting obesity.","og_url":"https:\/\/www.edenred.pt\/en\/about-us\/sustainability\/food-program\/","og_site_name":"Edenred Portugal","article_publisher":"https:\/\/www.facebook.com\/edenred.portugal","article_modified_time":"2025-02-03T10:54:32+00:00","og_image":[{"width":2560,"height":937,"url":"https:\/\/edenred.pt\/wp-content\/uploads\/2022\/05\/Programa-FOOD-scaled.jpg","type":"image\/jpeg"}],"twitter_card":"summary_large_image","twitter_misc":{"Est. reading time":"2 minutes"},"schema":{"@context":"https:\/\/schema.org","@graph":[{"@type":"WebPage","@id":"https:\/\/www.edenred.pt\/en\/about-us\/sustainability\/food-program\/","url":"https:\/\/www.edenred.pt\/en\/about-us\/sustainability\/food-program\/","name":"FOOD Program - Edenred Portugal","isPartOf":{"@id":"https:\/\/edenred.pt\/#website"},"primaryImageOfPage":{"@id":"https:\/\/www.edenred.pt\/en\/about-us\/sustainability\/food-program\/#primaryimage"},"image":{"@id":"https:\/\/www.edenred.pt\/en\/about-us\/sustainability\/food-program\/#primaryimage"},"thumbnailUrl":"https:\/\/www.edenred.pt\/wp-content\/uploads\/2022\/05\/Programa-FOOD-scaled.jpg","datePublished":"2024-08-09T14:51:23+00:00","dateModified":"2025-02-03T10:54:32+00:00","description":"Get to know the FOOD Program, launched by Edenred with the support of the European Union and the DGS with the aim of fighting obesity.","breadcrumb":{"@id":"https:\/\/www.edenred.pt\/en\/about-us\/sustainability\/food-program\/#breadcrumb"},"inLanguage":"en-US","potentialAction":[{"@type":"ReadAction","target":["https:\/\/www.edenred.pt\/en\/about-us\/sustainability\/food-program\/"]}]},{"@type":"ImageObject","inLanguage":"en-US","@id":"https:\/\/www.edenred.pt\/en\/about-us\/sustainability\/food-program\/#primaryimage","url":"https:\/\/www.edenred.pt\/wp-content\/uploads\/2022\/05\/Programa-FOOD-scaled.jpg","contentUrl":"https:\/\/www.edenred.pt\/wp-content\/uploads\/2022\/05\/Programa-FOOD-scaled.jpg","width":2560,"height":937,"caption":"Programa FOOD Edenred"},{"@type":"BreadcrumbList","@id":"https:\/\/www.edenred.pt\/en\/about-us\/sustainability\/food-program\/#breadcrumb","itemListElement":[{"@type":"ListItem","position":1,"name":"Start","item":"https:\/\/www.edenred.pt\/en\/"},{"@type":"ListItem","position":2,"name":"About us","item":"https:\/\/www.edenred.pt\/en\/about-us\/"},{"@type":"ListItem","position":3,"name":"Sustainability","item":"https:\/\/www.edenred.pt\/en\/about-us\/sustainability\/"},{"@type":"ListItem","position":4,"name":"Food Program"}]},{"@type":"WebSite","@id":"https:\/\/edenred.pt\/#website","url":"https:\/\/edenred.pt\/","name":"Edenred Portugal","description":"Edenred Portugal","publisher":{"@id":"https:\/\/edenred.pt\/#organization"},"potentialAction":[{"@type":"SearchAction","target":{"@type":"EntryPoint","urlTemplate":"https:\/\/edenred.pt\/?s={search_term_string}"},"query-input":{"@type":"PropertyValueSpecification","valueRequired":true,"valueName":"search_term_string"}}],"inLanguage":"en-US"},{"@type":"Organization","@id":"https:\/\/edenred.pt\/#organization","name":"Edenred","url":"https:\/\/edenred.pt\/","logo":{"@type":"ImageObject","inLanguage":"en-US","@id":"https:\/\/edenred.pt\/#\/schema\/logo\/image\/","url":"https:\/\/www.edenred.pt\/wp-content\/uploads\/2022\/04\/logo-edenred.png","contentUrl":"https:\/\/www.edenred.pt\/wp-content\/uploads\/2022\/04\/logo-edenred.png","width":176,"height":109,"caption":"Edenred"},"image":{"@id":"https:\/\/edenred.pt\/#\/schema\/logo\/image\/"},"sameAs":["https:\/\/www.facebook.com\/edenred.portugal","https:\/\/www.instagram.com\/edenred.portugal\/","https:\/\/www.linkedin.com\/company\/edenred-portugal\/"]}]}},"_links":{"self":[{"href":"https:\/\/www.edenred.pt\/en\/wp-json\/wp\/v2\/pages\/113828","targetHints":{"allow":["GET"]}}],"collection":[{"href":"https:\/\/www.edenred.pt\/en\/wp-json\/wp\/v2\/pages"}],"about":[{"href":"https:\/\/www.edenred.pt\/en\/wp-json\/wp\/v2\/types\/page"}],"author":[{"embeddable":true,"href":"https:\/\/www.edenred.pt\/en\/wp-json\/wp\/v2\/users\/4"}],"replies":[{"embeddable":true,"href":"https:\/\/www.edenred.pt\/en\/wp-json\/wp\/v2\/comments?post=113828"}],"version-history":[{"count":6,"href":"https:\/\/www.edenred.pt\/en\/wp-json\/wp\/v2\/pages\/113828\/revisions"}],"predecessor-version":[{"id":116968,"href":"https:\/\/www.edenred.pt\/en\/wp-json\/wp\/v2\/pages\/113828\/revisions\/116968"}],"up":[{"embeddable":true,"href":"https:\/\/www.edenred.pt\/en\/wp-json\/wp\/v2\/pages\/113820"}],"wp:featuredmedia":[{"embeddable":true,"href":"https:\/\/www.edenred.pt\/en\/wp-json\/wp\/v2\/media\/107806"}],"wp:attachment":[{"href":"https:\/\/www.edenred.pt\/en\/wp-json\/wp\/v2\/media?parent=113828"}],"curies":[{"name":"wp","href":"https:\/\/api.w.org\/{rel}","templated":true}]}}